{"id":47,"date":"2023-12-20T04:52:57","date_gmt":"2023-12-20T04:52:57","guid":{"rendered":"https:\/\/booked.ouf-gn.net\/wp\/?page_id=47"},"modified":"2025-01-20T18:27:46","modified_gmt":"2025-01-20T18:27:46","slug":"home","status":"publish","type":"page","link":"https:\/\/booked.ouf-gn.net\/wp\/","title":{"rendered":"Accueil"},"content":{"rendered":"\t\t<div data-elementor-type=\"wp-page\" data-elementor-id=\"47\" class=\"elementor elementor-47\" data-elementor-post-type=\"page\">\n\t\t\t\t<div class=\"elementor-element elementor-element-c9ece7d e-flex e-con-boxed e-con e-parent\" data-id=\"c9ece7d\" data-element_type=\"container\" data-e-type=\"container\" data-settings=\"{&quot;background_background&quot;:&quot;slideshow&quot;,&quot;background_slideshow_gallery&quot;:[{&quot;id&quot;:120,&quot;url&quot;:&quot;https:\\\/\\\/booked.ouf-gn.net\\\/wp\\\/wp-content\\\/uploads\\\/2025\\\/01\\\/market-research-togo.webp&quot;},{&quot;id&quot;:121,&quot;url&quot;:&quot;https:\\\/\\\/booked.ouf-gn.net\\\/wp\\\/wp-content\\\/uploads\\\/2025\\\/01\\\/image-27-1.webp&quot;}],&quot;background_slideshow_lazyload&quot;:&quot;yes&quot;,&quot;background_slideshow_ken_burns&quot;:&quot;yes&quot;,&quot;background_slideshow_loop&quot;:&quot;yes&quot;,&quot;background_slideshow_slide_duration&quot;:5000,&quot;background_slideshow_slide_transition&quot;:&quot;fade&quot;,&quot;background_slideshow_transition_duration&quot;:500,&quot;background_slideshow_ken_burns_zoom_direction&quot;:&quot;in&quot;}\">\n\t\t\t\t\t<div class=\"e-con-inner\">\n\t\t\t\t<div class=\"elementor-element elementor-element-d1cd518 elementor-widget elementor-widget-heading\" data-id=\"d1cd518\" data-element_type=\"widget\" data-e-type=\"widget\" data-widget_type=\"heading.default\">\n\t\t\t\t<div class=\"elementor-widget-container\">\n\t\t\t\t\t<h6 class=\"elementor-heading-title elementor-size-default\">PR\u00c9SENTATION<\/h6>\t\t\t\t<\/div>\n\t\t\t\t<\/div>\n\t\t\t\t<div class=\"elementor-element elementor-element-2610a678 elementor-widget-divider--view-line_icon elementor-view-default elementor-widget-divider--element-align-center elementor-widget elementor-widget-divider\" data-id=\"2610a678\" data-element_type=\"widget\" data-e-type=\"widget\" data-widget_type=\"divider.default\">\n\t\t\t\t<div class=\"elementor-widget-container\">\n\t\t\t\t\t\t\t<div class=\"elementor-divider\">\n\t\t\t<span class=\"elementor-divider-separator\">\n\t\t\t\t\t\t\t<div class=\"elementor-icon elementor-divider__element\">\n\t\t\t\t\t<i aria-hidden=\"true\" class=\"rtmicon-thin rtmicon-calendar-days\"><\/i><\/div>\n\t\t\t\t\t\t<\/span>\n\t\t<\/div>\n\t\t\t\t\t\t<\/div>\n\t\t\t\t<\/div>\n\t\t\t\t<div class=\"elementor-element elementor-element-438c3185 elementor-widget__width-initial elementor-widget elementor-widget-heading\" data-id=\"438c3185\" data-element_type=\"widget\" data-e-type=\"widget\" data-widget_type=\"heading.default\">\n\t\t\t\t<div class=\"elementor-widget-container\">\n\t\t\t\t\t<h1 class=\"elementor-heading-title elementor-size-default\">L\u2019Assembl\u00e9e Nationale du Togo<\/h1>\t\t\t\t<\/div>\n\t\t\t\t<\/div>\n\t\t\t\t<div class=\"elementor-element elementor-element-ef14cf9 elementor-widget__width-initial elementor-widget elementor-widget-text-editor\" data-id=\"ef14cf9\" data-element_type=\"widget\" data-e-type=\"widget\" data-widget_type=\"text-editor.default\">\n\t\t\t\t<div class=\"elementor-widget-container\">\n\t\t\t\t\t\t\t\t\t<p>L\u2019Assembl\u00e9e Nationale du Togo s\u2019engage \u00e0 rapprocher les citoyens de leurs repr\u00e9sentants et \u00e0 moderniser l\u2019administration publique. Ce portail de prise de rendez-vous est une initiative innovante visant \u00e0 rendre l\u2019administration accessible \u00e0 tous, tout en renfor\u00e7ant la transparence et l\u2019efficacit\u00e9 de nos services.<\/p>\t\t\t\t\t\t\t\t<\/div>\n\t\t\t\t<\/div>\n\t\t\t\t<div class=\"elementor-element elementor-element-44cdff4c elementor-widget elementor-widget-button\" data-id=\"44cdff4c\" data-element_type=\"widget\" data-e-type=\"widget\" data-widget_type=\"button.default\">\n\t\t\t\t<div class=\"elementor-widget-container\">\n\t\t\t\t\t\t\t\t\t<div class=\"elementor-button-wrapper\">\n\t\t\t\t\t<a class=\"elementor-button elementor-button-link elementor-size-sm elementor-animation-float\" href=\"https:\/\/booked.ouf-gn.net\/wp\/?page_id=178\">\n\t\t\t\t\t\t<span class=\"elementor-button-content-wrapper\">\n\t\t\t\t\t\t<span class=\"elementor-button-icon\">\n\t\t\t\t<i aria-hidden=\"true\" class=\"rtmicon rtmicon-arrow-long-right\"><\/i>\t\t\t<\/span>\n\t\t\t\t\t\t\t\t\t<span class=\"elementor-button-text\">Prenez rendez-vous<\/span>\n\t\t\t\t\t<\/span>\n\t\t\t\t\t<\/a>\n\t\t\t\t<\/div>\n\t\t\t\t\t\t\t\t<\/div>\n\t\t\t\t<\/div>\n\t\t\t\t\t<\/div>\n\t\t\t\t<\/div>\n\t\t<div class=\"elementor-element elementor-element-1932caab e-flex e-con-boxed e-con e-parent\" data-id=\"1932caab\" data-element_type=\"container\" data-e-type=\"container\">\n\t\t\t\t\t<div class=\"e-con-inner\">\n\t\t<div class=\"elementor-element elementor-element-75b71519 e-con-full e-flex e-con e-child\" data-id=\"75b71519\" data-element_type=\"container\" data-e-type=\"container\" data-settings=\"{&quot;background_background&quot;:&quot;classic&quot;}\">\n\t\t\t\t<div class=\"elementor-element elementor-element-7dc95dad elementor-widget__width-initial elementor-widget elementor-widget-heading\" data-id=\"7dc95dad\" data-element_type=\"widget\" data-e-type=\"widget\" data-widget_type=\"heading.default\">\n\t\t\t\t<div class=\"elementor-widget-container\">\n\t\t\t\t\t<h4 class=\"elementor-heading-title elementor-size-default\">Agissez d\u00e8s maintenant<\/h4>\t\t\t\t<\/div>\n\t\t\t\t<\/div>\n\t\t\t\t<div class=\"elementor-element elementor-element-6a50515c elementor-align-right elementor-widget__width-initial elementor-tablet-align-center elementor-widget elementor-widget-button\" data-id=\"6a50515c\" data-element_type=\"widget\" data-e-type=\"widget\" data-widget_type=\"button.default\">\n\t\t\t\t<div class=\"elementor-widget-container\">\n\t\t\t\t\t\t\t\t\t<div class=\"elementor-button-wrapper\">\n\t\t\t\t\t<a class=\"elementor-button elementor-button-link elementor-size-sm elementor-animation-float\" href=\"https:\/\/booked.ouf-gn.net\/wp\/?page_id=178\">\n\t\t\t\t\t\t<span class=\"elementor-button-content-wrapper\">\n\t\t\t\t\t\t<span class=\"elementor-button-icon\">\n\t\t\t\t<i aria-hidden=\"true\" class=\"rtmicon rtmicon-arrow-long-right\"><\/i>\t\t\t<\/span>\n\t\t\t\t\t\t\t\t\t<span class=\"elementor-button-text\">Prenez rendez-vous<\/span>\n\t\t\t\t\t<\/span>\n\t\t\t\t\t<\/a>\n\t\t\t\t<\/div>\n\t\t\t\t\t\t\t\t<\/div>\n\t\t\t\t<\/div>\n\t\t\t\t<div class=\"elementor-element elementor-element-67da4375 elementor-widget__width-initial elementor-widget elementor-widget-text-editor\" data-id=\"67da4375\" data-element_type=\"widget\" data-e-type=\"widget\" data-widget_type=\"text-editor.default\">\n\t\t\t\t<div class=\"elementor-widget-container\">\n\t\t\t\t\t\t\t\t\t<p>N\u2019attendez plus ! Participez \u00e0 la conversation et faites entendre votre voix d\u00e8s aujourd\u2019hui. Cliquez ci-dessous pour prendre rendez-vous avec le Pr\u00e9sident, une commission ou votre d\u00e9put\u00e9. Ensemble, \u0153uvrons pour un avenir meilleur pour notre nation.<\/p>\t\t\t\t\t\t\t\t<\/div>\n\t\t\t\t<\/div>\n\t\t\t\t<\/div>\n\t\t\t\t\t<\/div>\n\t\t\t\t<\/div>\n\t\t<div class=\"elementor-element elementor-element-57754b8b e-flex e-con-boxed e-con e-parent\" data-id=\"57754b8b\" data-element_type=\"container\" data-e-type=\"container\">\n\t\t\t\t\t<div class=\"e-con-inner\">\n\t\t<div class=\"elementor-element elementor-element-6bcd1d18 e-con-full e-flex e-con e-child\" data-id=\"6bcd1d18\" data-element_type=\"container\" data-e-type=\"container\">\n\t\t<div class=\"elementor-element elementor-element-aeaccda e-con-full e-flex e-con e-child\" data-id=\"aeaccda\" data-element_type=\"container\" data-e-type=\"container\">\n\t\t\t\t<div class=\"elementor-element elementor-element-9fd28e1 elementor-view-default elementor-widget elementor-widget-icon\" data-id=\"9fd28e1\" data-element_type=\"widget\" data-e-type=\"widget\" data-widget_type=\"icon.default\">\n\t\t\t\t<div class=\"elementor-widget-container\">\n\t\t\t\t\t\t\t<div class=\"elementor-icon-wrapper\">\n\t\t\t<div class=\"elementor-icon\">\n\t\t\t<i aria-hidden=\"true\" class=\"rtmicon rtmicon-comments-question\"><\/i>\t\t\t<\/div>\n\t\t<\/div>\n\t\t\t\t\t\t<\/div>\n\t\t\t\t<\/div>\n\t\t\t\t<div class=\"elementor-element elementor-element-2c57dc7 elementor-widget elementor-widget-heading\" data-id=\"2c57dc7\" data-element_type=\"widget\" data-e-type=\"widget\" data-widget_type=\"heading.default\">\n\t\t\t\t<div class=\"elementor-widget-container\">\n\t\t\t\t\t<h4 class=\"elementor-heading-title elementor-size-default\">Un acc\u00e8s direct \u00e0 vos repr\u00e9sentants<\/h4>\t\t\t\t<\/div>\n\t\t\t\t<\/div>\n\t\t\t\t<div class=\"elementor-element elementor-element-c67e865 elementor-widget elementor-widget-text-editor\" data-id=\"c67e865\" data-element_type=\"widget\" data-e-type=\"widget\" data-widget_type=\"text-editor.default\">\n\t\t\t\t<div class=\"elementor-widget-container\">\n\t\t\t\t\t\t\t\t\t<p>Que vous souhaitiez \u00e9changer avec le Pr\u00e9sident de l\u2019Assembl\u00e9e, consulter une commission, ou faire part de vos pr\u00e9occupations \u00e0 un d\u00e9put\u00e9 de votre r\u00e9gion, ce portail simplifie vos d\u00e9marches. En quelques clics, planifiez un rendez-vous et participez activement \u00e0 la vie d\u00e9mocratique de notre nation.<\/p>\t\t\t\t\t\t\t\t<\/div>\n\t\t\t\t<\/div>\n\t\t\t\t<\/div>\n\t\t<div class=\"elementor-element elementor-element-f8653ae e-con-full e-flex e-con e-child\" data-id=\"f8653ae\" data-element_type=\"container\" data-e-type=\"container\">\n\t\t\t\t<div class=\"elementor-element elementor-element-1160979 elementor-view-default elementor-widget elementor-widget-icon\" data-id=\"1160979\" data-element_type=\"widget\" data-e-type=\"widget\" data-widget_type=\"icon.default\">\n\t\t\t\t<div class=\"elementor-widget-container\">\n\t\t\t\t\t\t\t<div class=\"elementor-icon-wrapper\">\n\t\t\t<div class=\"elementor-icon\">\n\t\t\t<i aria-hidden=\"true\" class=\"rtmicon-thin rtmicon-users\"><\/i>\t\t\t<\/div>\n\t\t<\/div>\n\t\t\t\t\t\t<\/div>\n\t\t\t\t<\/div>\n\t\t\t\t<div class=\"elementor-element elementor-element-95975b4 elementor-widget elementor-widget-heading\" data-id=\"95975b4\" data-element_type=\"widget\" data-e-type=\"widget\" data-widget_type=\"heading.default\">\n\t\t\t\t<div class=\"elementor-widget-container\">\n\t\t\t\t\t<h4 class=\"elementor-heading-title elementor-size-default\">Am\u00e9liorer l\u2019image du service public<\/h4>\t\t\t\t<\/div>\n\t\t\t\t<\/div>\n\t\t\t\t<div class=\"elementor-element elementor-element-4855562 elementor-widget elementor-widget-text-editor\" data-id=\"4855562\" data-element_type=\"widget\" data-e-type=\"widget\" data-widget_type=\"text-editor.default\">\n\t\t\t\t<div class=\"elementor-widget-container\">\n\t\t\t\t\t\t\t\t\t<p>Avec ce portail, l\u2019Assembl\u00e9e Nationale se dote d\u2019un outil moderne qui refl\u00e8te notre engagement \u00e0 offrir des services publics accessibles, professionnels et en phase avec les besoins de la population.<\/p>\t\t\t\t\t\t\t\t<\/div>\n\t\t\t\t<\/div>\n\t\t\t\t<\/div>\n\t\t\t\t<\/div>\n\t\t<div class=\"elementor-element elementor-element-374f82e e-con-full e-flex e-con e-child\" data-id=\"374f82e\" data-element_type=\"container\" data-e-type=\"container\">\n\t\t<div class=\"elementor-element elementor-element-69051ca e-con-full e-flex e-con e-child\" data-id=\"69051ca\" data-element_type=\"container\" data-e-type=\"container\">\n\t\t\t\t<div class=\"elementor-element elementor-element-547965f elementor-view-default elementor-widget elementor-widget-icon\" data-id=\"547965f\" data-element_type=\"widget\" data-e-type=\"widget\" data-widget_type=\"icon.default\">\n\t\t\t\t<div class=\"elementor-widget-container\">\n\t\t\t\t\t\t\t<div class=\"elementor-icon-wrapper\">\n\t\t\t<div class=\"elementor-icon\">\n\t\t\t<i aria-hidden=\"true\" class=\"rtmicon rtmicon-megaphone\"><\/i>\t\t\t<\/div>\n\t\t<\/div>\n\t\t\t\t\t\t<\/div>\n\t\t\t\t<\/div>\n\t\t\t\t<div class=\"elementor-element elementor-element-94862bc elementor-widget elementor-widget-heading\" data-id=\"94862bc\" data-element_type=\"widget\" data-e-type=\"widget\" data-widget_type=\"heading.default\">\n\t\t\t\t<div class=\"elementor-widget-container\">\n\t\t\t\t\t<h4 class=\"elementor-heading-title elementor-size-default\">\u00catre \u00e0 l\u2019\u00e9coute de vos pr\u00e9occupations<\/h4>\t\t\t\t<\/div>\n\t\t\t\t<\/div>\n\t\t\t\t<div class=\"elementor-element elementor-element-adf3284 elementor-widget elementor-widget-text-editor\" data-id=\"adf3284\" data-element_type=\"widget\" data-e-type=\"widget\" data-widget_type=\"text-editor.default\">\n\t\t\t\t<div class=\"elementor-widget-container\">\n\t\t\t\t\t\t\t\t\t<p>Ce portail est bien plus qu\u2019un simple outil de rendez-vous. Il est une passerelle pour permettre aux d\u00e9put\u00e9s d\u2019\u00eatre inform\u00e9s des pr\u00e9occupations des citoyens de leurs circonscriptions et d\u2019agir en cons\u00e9quence.<\/p>\t\t\t\t\t\t\t\t<\/div>\n\t\t\t\t<\/div>\n\t\t\t\t<\/div>\n\t\t<div class=\"elementor-element elementor-element-31f0761 e-con-full e-flex e-con e-child\" data-id=\"31f0761\" data-element_type=\"container\" data-e-type=\"container\">\n\t\t\t\t<div class=\"elementor-element elementor-element-b05c41c elementor-view-default elementor-widget elementor-widget-icon\" data-id=\"b05c41c\" data-element_type=\"widget\" data-e-type=\"widget\" data-widget_type=\"icon.default\">\n\t\t\t\t<div class=\"elementor-widget-container\">\n\t\t\t\t\t\t\t<div class=\"elementor-icon-wrapper\">\n\t\t\t<div class=\"elementor-icon\">\n\t\t\t<i aria-hidden=\"true\" class=\"rtmicon-thin rtmicon-microphone\"><\/i>\t\t\t<\/div>\n\t\t<\/div>\n\t\t\t\t\t\t<\/div>\n\t\t\t\t<\/div>\n\t\t\t\t<div class=\"elementor-element elementor-element-8276772 elementor-widget elementor-widget-heading\" data-id=\"8276772\" data-element_type=\"widget\" data-e-type=\"widget\" data-widget_type=\"heading.default\">\n\t\t\t\t<div class=\"elementor-widget-container\">\n\t\t\t\t\t<h4 class=\"elementor-heading-title elementor-size-default\">Votre voix compte<\/h4>\t\t\t\t<\/div>\n\t\t\t\t<\/div>\n\t\t\t\t<div class=\"elementor-element elementor-element-bf49483 elementor-widget elementor-widget-text-editor\" data-id=\"bf49483\" data-element_type=\"widget\" data-e-type=\"widget\" data-widget_type=\"text-editor.default\">\n\t\t\t\t<div class=\"elementor-widget-container\">\n\t\t\t\t\t\t\t\t\t<p>Gr\u00e2ce \u00e0 ce portail, nous consolidons notre mission de servir, d\u2019\u00e9couter et de travailler ensemble pour le d\u00e9veloppement de notre pays.<br \/>Nous vous invitons \u00e0 explorer les diff\u00e9rentes sections et \u00e0 prendre rendez-vous d\u00e8s maintenant pour faire entendre vos id\u00e9es, poser vos questions, ou obtenir des r\u00e9ponses concr\u00e8tes \u00e0 vos pr\u00e9occupations.<\/p>\t\t\t\t\t\t\t\t<\/div>\n\t\t\t\t<\/div>\n\t\t\t\t<\/div>\n\t\t\t\t<\/div>\n\t\t\t\t\t<\/div>\n\t\t\t\t<\/div>\n\t\t\t\t<\/div>\n\t\t","protected":false},"excerpt":{"rendered":"<p>PR\u00c9SENTATION L\u2019Assembl\u00e9e Nationale du Togo L\u2019Assembl\u00e9e Nationale du Togo s\u2019engage \u00e0 rapprocher les citoyens de leurs repr\u00e9sentants et \u00e0 moderniser l\u2019administration publique. Ce portail de prise de rendez-vous est une initiative innovante visant \u00e0 rendre l\u2019administration accessible \u00e0 tous, tout en renfor\u00e7ant la transparence et l\u2019efficacit\u00e9 de nos services. Prenez rendez-vous Agissez d\u00e8s maintenant Prenez [&hellip;]<\/p>\n","protected":false},"author":2,"featured_media":0,"parent":0,"menu_order":0,"comment_status":"closed","ping_status":"closed","template":"","meta":{"footnotes":""},"class_list":["post-47","page","type-page","status-publish","hentry"],"_links":{"self":[{"href":"https:\/\/booked.ouf-gn.net\/wp\/index.php?rest_route=\/wp\/v2\/pages\/47","targetHints":{"allow":["GET"]}}],"collection":[{"href":"https:\/\/booked.ouf-gn.net\/wp\/index.php?rest_route=\/wp\/v2\/pages"}],"about":[{"href":"https:\/\/booked.ouf-gn.net\/wp\/index.php?rest_route=\/wp\/v2\/types\/page"}],"author":[{"embeddable":true,"href":"https:\/\/booked.ouf-gn.net\/wp\/index.php?rest_route=\/wp\/v2\/users\/2"}],"replies":[{"embeddable":true,"href":"https:\/\/booked.ouf-gn.net\/wp\/index.php?rest_route=%2Fwp%2Fv2%2Fcomments&post=47"}],"version-history":[{"count":31,"href":"https:\/\/booked.ouf-gn.net\/wp\/index.php?rest_route=\/wp\/v2\/pages\/47\/revisions"}],"predecessor-version":[{"id":250,"href":"https:\/\/booked.ouf-gn.net\/wp\/index.php?rest_route=\/wp\/v2\/pages\/47\/revisions\/250"}],"wp:attachment":[{"href":"https:\/\/booked.ouf-gn.net\/wp\/index.php?rest_route=%2Fwp%2Fv2%2Fmedia&parent=47"}],"curies":[{"name":"wp","href":"https:\/\/api.w.org\/{rel}","templated":true}]}}