{"id":187,"date":"2025-01-18T22:09:43","date_gmt":"2025-01-18T22:09:43","guid":{"rendered":"https:\/\/booked.ouf-gn.net\/wp\/?page_id=187"},"modified":"2025-01-20T18:30:39","modified_gmt":"2025-01-20T18:30:39","slug":"commission","status":"publish","type":"page","link":"https:\/\/booked.ouf-gn.net\/wp\/?page_id=187","title":{"rendered":"Commission"},"content":{"rendered":"\t\t<div data-elementor-type=\"wp-page\" data-elementor-id=\"187\" class=\"elementor elementor-187\" data-elementor-post-type=\"page\">\n\t\t\t\t<div class=\"elementor-element elementor-element-5c9a903 e-flex e-con-boxed e-con e-parent\" data-id=\"5c9a903\" data-element_type=\"container\" data-e-type=\"container\" data-settings=\"{&quot;background_background&quot;:&quot;classic&quot;}\">\n\t\t\t\t\t<div class=\"e-con-inner\">\n\t\t\t\t<div class=\"elementor-element elementor-element-b4ee856 elementor-widget-divider--view-line_icon elementor-view-default elementor-widget-divider--element-align-center elementor-widget elementor-widget-divider\" data-id=\"b4ee856\" data-element_type=\"widget\" data-e-type=\"widget\" data-widget_type=\"divider.default\">\n\t\t\t\t<div class=\"elementor-widget-container\">\n\t\t\t\t\t\t\t<div class=\"elementor-divider\">\n\t\t\t<span class=\"elementor-divider-separator\">\n\t\t\t\t\t\t\t<div class=\"elementor-icon elementor-divider__element\">\n\t\t\t\t\t<i aria-hidden=\"true\" class=\"rtmicon-thin rtmicon-calendar-days\"><\/i><\/div>\n\t\t\t\t\t\t<\/span>\n\t\t<\/div>\n\t\t\t\t\t\t<\/div>\n\t\t\t\t<\/div>\n\t\t\t\t<div class=\"elementor-element elementor-element-3ff5f3a elementor-widget__width-initial elementor-widget elementor-widget-heading\" data-id=\"3ff5f3a\" data-element_type=\"widget\" data-e-type=\"widget\" data-widget_type=\"heading.default\">\n\t\t\t\t<div class=\"elementor-widget-container\">\n\t\t\t\t\t<h2 class=\"elementor-heading-title elementor-size-default\">Prendre Rendez-vous avec une Commission ou un Service de l\u2019Assembl\u00e9e Nationale<\/h2>\t\t\t\t<\/div>\n\t\t\t\t<\/div>\n\t\t\t\t\t<\/div>\n\t\t\t\t<\/div>\n\t\t<div class=\"elementor-element elementor-element-c1c371f e-flex e-con-boxed e-con e-parent\" data-id=\"c1c371f\" data-element_type=\"container\" data-e-type=\"container\">\n\t\t\t\t\t<div class=\"e-con-inner\">\n\t\t<div class=\"elementor-element elementor-element-399a51f e-con-full e-flex e-con e-child\" data-id=\"399a51f\" data-element_type=\"container\" data-e-type=\"container\">\n\t\t<div class=\"elementor-element elementor-element-8a5ec0e e-con-full e-flex e-con e-child\" data-id=\"8a5ec0e\" data-element_type=\"container\" data-e-type=\"container\">\n\t\t\t\t<div class=\"elementor-element elementor-element-deebe0d elementor-view-default elementor-widget elementor-widget-icon\" data-id=\"deebe0d\" data-element_type=\"widget\" data-e-type=\"widget\" data-widget_type=\"icon.default\">\n\t\t\t\t<div class=\"elementor-widget-container\">\n\t\t\t\t\t\t\t<div class=\"elementor-icon-wrapper\">\n\t\t\t<div class=\"elementor-icon\">\n\t\t\t<i aria-hidden=\"true\" class=\"rtmicon rtmicon-comments-question\"><\/i>\t\t\t<\/div>\n\t\t<\/div>\n\t\t\t\t\t\t<\/div>\n\t\t\t\t<\/div>\n\t\t\t\t<div class=\"elementor-element elementor-element-7dcb565 elementor-widget elementor-widget-heading\" data-id=\"7dcb565\" data-element_type=\"widget\" data-e-type=\"widget\" data-widget_type=\"heading.default\">\n\t\t\t\t<div class=\"elementor-widget-container\">\n\t\t\t\t\t<h4 class=\"elementor-heading-title elementor-size-default\">Contactez les Commissions<\/h4>\t\t\t\t<\/div>\n\t\t\t\t<\/div>\n\t\t\t\t<div class=\"elementor-element elementor-element-b4d7f82 elementor-widget elementor-widget-text-editor\" data-id=\"b4d7f82\" data-element_type=\"widget\" data-e-type=\"widget\" data-widget_type=\"text-editor.default\">\n\t\t\t\t<div class=\"elementor-widget-container\">\n\t\t\t\t\t\t\t\t\t<p>Les commissions et services de l\u2019Assembl\u00e9e Nationale jouent un r\u00f4le cl\u00e9 dans l\u2019analyse, la pr\u00e9paration et le suivi des travaux parlementaires. Ce portail vous permet de solliciter un rendez-vous avec la commission ou le service pertinent pour r\u00e9pondre \u00e0 des besoins sp\u00e9cifiques ou approfondir des questions techniques et th\u00e9matiques.<\/p>\t\t\t\t\t\t\t\t<\/div>\n\t\t\t\t<\/div>\n\t\t\t\t<\/div>\n\t\t<div class=\"elementor-element elementor-element-786e016 e-con-full e-flex e-con e-child\" data-id=\"786e016\" data-element_type=\"container\" data-e-type=\"container\">\n\t\t\t\t<div class=\"elementor-element elementor-element-ecf8c84 elementor-view-default elementor-widget elementor-widget-icon\" data-id=\"ecf8c84\" data-element_type=\"widget\" data-e-type=\"widget\" data-widget_type=\"icon.default\">\n\t\t\t\t<div class=\"elementor-widget-container\">\n\t\t\t\t\t\t\t<div class=\"elementor-icon-wrapper\">\n\t\t\t<div class=\"elementor-icon\">\n\t\t\t<i aria-hidden=\"true\" class=\"rtmicon-thin rtmicon-users\"><\/i>\t\t\t<\/div>\n\t\t<\/div>\n\t\t\t\t\t\t<\/div>\n\t\t\t\t<\/div>\n\t\t\t\t<div class=\"elementor-element elementor-element-837bd22 elementor-widget elementor-widget-heading\" data-id=\"837bd22\" data-element_type=\"widget\" data-e-type=\"widget\" data-widget_type=\"heading.default\">\n\t\t\t\t<div class=\"elementor-widget-container\">\n\t\t\t\t\t<h4 class=\"elementor-heading-title elementor-size-default\">Pourquoi solliciter une Commission ou un Service ?<\/h4>\t\t\t\t<\/div>\n\t\t\t\t<\/div>\n\t\t\t\t<div class=\"elementor-element elementor-element-513ef27 elementor-widget elementor-widget-text-editor\" data-id=\"513ef27\" data-element_type=\"widget\" data-e-type=\"widget\" data-widget_type=\"text-editor.default\">\n\t\t\t\t<div class=\"elementor-widget-container\">\n\t\t\t\t\t\t\t\t\t<ul><li><strong>Approfondir un sujet sp\u00e9cifique :<\/strong> Les commissions sont organis\u00e9es par domaines (\u00e9conomie, sant\u00e9, \u00e9ducation, etc.) et disposent de l\u2019expertise n\u00e9cessaire pour r\u00e9pondre \u00e0 vos questions ou \u00e9valuer vos propositions.<\/li><li><strong>Collaborer sur des projets :<\/strong> Pr\u00e9sentez des initiatives ou des partenariats susceptibles de contribuer au d\u00e9veloppement national ou sectoriel.<\/li><li><strong>Obtenir des \u00e9clairages techniques :<\/strong> Les services administratifs et techniques de l\u2019Assembl\u00e9e peuvent vous fournir des informations sur des proc\u00e9dures, des rapports ou des l\u00e9gislations en cours.<\/li><\/ul>\t\t\t\t\t\t\t\t<\/div>\n\t\t\t\t<\/div>\n\t\t\t\t<\/div>\n\t\t\t\t<\/div>\n\t\t<div class=\"elementor-element elementor-element-89a140b e-con-full e-flex e-con e-child\" data-id=\"89a140b\" data-element_type=\"container\" data-e-type=\"container\">\n\t\t<div class=\"elementor-element elementor-element-7698095 e-con-full e-flex e-con e-child\" data-id=\"7698095\" data-element_type=\"container\" data-e-type=\"container\">\n\t\t\t\t<div class=\"elementor-element elementor-element-148973d elementor-view-default elementor-widget elementor-widget-icon\" data-id=\"148973d\" data-element_type=\"widget\" data-e-type=\"widget\" data-widget_type=\"icon.default\">\n\t\t\t\t<div class=\"elementor-widget-container\">\n\t\t\t\t\t\t\t<div class=\"elementor-icon-wrapper\">\n\t\t\t<div class=\"elementor-icon\">\n\t\t\t<i aria-hidden=\"true\" class=\"rtmicon rtmicon-megaphone\"><\/i>\t\t\t<\/div>\n\t\t<\/div>\n\t\t\t\t\t\t<\/div>\n\t\t\t\t<\/div>\n\t\t\t\t<div class=\"elementor-element elementor-element-6254d60 elementor-widget elementor-widget-heading\" data-id=\"6254d60\" data-element_type=\"widget\" data-e-type=\"widget\" data-widget_type=\"heading.default\">\n\t\t\t\t<div class=\"elementor-widget-container\">\n\t\t\t\t\t<h4 class=\"elementor-heading-title elementor-size-default\">Comment prendre rendez-vous ?<\/h4>\t\t\t\t<\/div>\n\t\t\t\t<\/div>\n\t\t\t\t<div class=\"elementor-element elementor-element-6dcbb43 elementor-widget elementor-widget-text-editor\" data-id=\"6dcbb43\" data-element_type=\"widget\" data-e-type=\"widget\" data-widget_type=\"text-editor.default\">\n\t\t\t\t<div class=\"elementor-widget-container\">\n\t\t\t\t\t\t\t\t\t<p>Suivez ces \u00e9tapes pour prendre rendez-vous avec une Commission ou un Service :<\/p><ol><li>S\u00e9lectionnez la commission ou le service concern\u00e9.<\/li><li>Remplissez le formulaire avec les informations n\u00e9cessaires, y compris l\u2019objet de votre demande.<\/li><li>Choisissez une date et un cr\u00e9neau horaire disponibles.<\/li><li>Recevez une confirmation ou une redirection en cas de besoin.<\/li><\/ol>\t\t\t\t\t\t\t\t<\/div>\n\t\t\t\t<\/div>\n\t\t\t\t<\/div>\n\t\t<div class=\"elementor-element elementor-element-79df5ce e-con-full e-flex e-con e-child\" data-id=\"79df5ce\" data-element_type=\"container\" data-e-type=\"container\">\n\t\t\t\t<div class=\"elementor-element elementor-element-a466296 elementor-view-default elementor-widget elementor-widget-icon\" data-id=\"a466296\" data-element_type=\"widget\" data-e-type=\"widget\" data-widget_type=\"icon.default\">\n\t\t\t\t<div class=\"elementor-widget-container\">\n\t\t\t\t\t\t\t<div class=\"elementor-icon-wrapper\">\n\t\t\t<div class=\"elementor-icon\">\n\t\t\t<i aria-hidden=\"true\" class=\"rtmicon-thin rtmicon-microphone\"><\/i>\t\t\t<\/div>\n\t\t<\/div>\n\t\t\t\t\t\t<\/div>\n\t\t\t\t<\/div>\n\t\t\t\t<div class=\"elementor-element elementor-element-9921f28 elementor-widget elementor-widget-heading\" data-id=\"9921f28\" data-element_type=\"widget\" data-e-type=\"widget\" data-widget_type=\"heading.default\">\n\t\t\t\t<div class=\"elementor-widget-container\">\n\t\t\t\t\t<h4 class=\"elementor-heading-title elementor-size-default\">Un engagement pour l\u2019efficacit\u00e9 et la transparence<\/h4>\t\t\t\t<\/div>\n\t\t\t\t<\/div>\n\t\t\t\t<div class=\"elementor-element elementor-element-037dc27 elementor-widget elementor-widget-text-editor\" data-id=\"037dc27\" data-element_type=\"widget\" data-e-type=\"widget\" data-widget_type=\"text-editor.default\">\n\t\t\t\t<div class=\"elementor-widget-container\">\n\t\t\t\t\t\t\t\t\t<p>En facilitant l\u2019acc\u00e8s aux commissions et services, l\u2019Assembl\u00e9e Nationale r\u00e9affirme son engagement \u00e0 travailler de mani\u00e8re inclusive et collaborative pour le bien de tous.<\/p>\t\t\t\t\t\t\t\t<\/div>\n\t\t\t\t<\/div>\n\t\t\t\t<\/div>\n\t\t\t\t<\/div>\n\t\t\t\t\t<\/div>\n\t\t\t\t<\/div>\n\t\t<div class=\"elementor-element elementor-element-7342bf6 e-flex e-con-boxed e-con e-parent\" data-id=\"7342bf6\" data-element_type=\"container\" data-e-type=\"container\">\n\t\t\t\t\t<div class=\"e-con-inner\">\n\t\t\t\t<div class=\"elementor-element elementor-element-3172a11 elementor-widget elementor-widget-shortcode\" data-id=\"3172a11\" data-element_type=\"widget\" data-e-type=\"widget\" data-widget_type=\"shortcode.default\">\n\t\t\t\t<div class=\"elementor-widget-container\">\n\t\t\t\t\t\t\t<div class=\"elementor-shortcode\"><script type=\"text\/javascript\">\n    (function (win, fn) {\n        var done = false, top = true,\n            doc = win.document,\n            root = doc.documentElement,\n            modern = doc.addEventListener,\n            add = modern ? 'addEventListener' : 'attachEvent',\n            rem = modern ? 'removeEventListener' : 'detachEvent',\n            pre = modern ? '' : 'on',\n            init = function (e) {\n                if (e.type == 'readystatechange') if (doc.readyState != 'complete') return;\n                (e.type == 'load' ? win : doc)[rem](pre + e.type, init, false);\n                if (!done) {\n                    done = true;\n                    fn.call(win, e.type || e);\n                }\n            },\n            poll = function () {\n                try {\n                    root.doScroll('left');\n                } catch (e) {\n                    setTimeout(poll, 50);\n                    return;\n                }\n                init('poll');\n            };\n        if (doc.readyState == 'complete') fn.call(win, 'lazy');\n        else {\n            if (!modern) if (root.doScroll) {\n                try {\n                    top = !win.frameElement;\n                } catch (e) {\n                }\n                if (top) poll();\n            }\n            doc[add](pre + 'DOMContentLoaded', init, false);\n            doc[add](pre + 'readystatechange', init, false);\n            win[add](pre + 'load', init, false);\n        }\n    })(window, function () {\n        window.BooklyServicesForm.showForm(\"bookly-services-form-my-form-457\", \"bookly-services-form-my-form-457-69d4ec2704118\", {\"main_color\":\"#669c35\",\"service_card_width\":260,\"service_header_height\":120,\"staff_card_width\":260,\"show_book_more\":true,\"show_qr_code\":true,\"show_calendar\":true,\"show_services_filter\":true,\"show_staff_filter\":false,\"show_staff_rating\":false,\"show_timezone\":false,\"show_receipt_on_cart\":true,\"show_receipt_on_payment\":true,\"skip_cart_step\":false,\"use_cart_local_storage\":true,\"default_service\":null,\"default_staff\":null,\"service_card_show_badge\":true,\"package_card_show_badge\":true,\"gift_card_show_badge\":true,\"services_fields_order\":[\"service\",\"duration\",\"price\",\"staff\"],\"services_fields_show\":[\"service\",\"duration\",\"price\"],\"packages_fields_order\":[\"package\",\"service\",\"duration\",\"price\",\"staff\"],\"packages_fields_show\":[\"package\",\"service\",\"duration\",\"price\"],\"gift_cards_fields_order\":[\"title\",\"price\"],\"gift_cards_fields_show\":[\"title\",\"price\"],\"show_first_slot_only\":false,\"show_gift_cards\":true,\"show_add_to_calendar\":false,\"show_slot_info\":false,\"sell_services\":true,\"sell_gift_cards\":false,\"full_name_required\":true,\"first_name_required\":true,\"last_name_required\":true,\"email_required\":true,\"phone_required\":true,\"address_required\":false,\"birthday_required\":false,\"verify_credentials\":false,\"show_summary_service\":true,\"show_summary_staff\":true,\"show_summary_date\":true,\"show_summary_price\":true,\"show_blocked_slots\":false,\"hidden_services\":[],\"hidden_gift_cards\":[],\"details_fields_order\":[\"text\",\"full_name\",\"first_name\",\"last_name\",\"email\",\"phone\",\"address\",\"notes\",\"birthday\",\"terms\",\"google_maps\",\"custom_fields\"],\"details_fields_width\":{\"text\":12,\"full_name\":12,\"first_name\":6,\"last_name\":6,\"email\":6,\"phone\":6,\"google_maps\":12,\"address\":12,\"notes\":12,\"birthday\":12,\"terms\":12,\"custom_fields\":[]},\"details_fields_show\":[\"text\",\"first_name\",\"last_name\",\"email\",\"phone\",\"custom_fields\"],\"cards_display_mode\":\"with_slots\",\"available_dates\":\"schedule\",\"show_services_mode\":\"no_any\",\"address\":{\"order\":[\"country\",\"state\",\"postcode\",\"city\",\"street\",\"street_number\",\"additional_address\"],\"show\":[\"country\",\"state\",\"postcode\",\"city\",\"street\",\"street_number\",\"additional_address\"],\"labels\":{\"country\":\"Pays\",\"state\":\"\\u00c9tat\\\/R\\u00e9gion\",\"postcode\":\"Code Postal\",\"city\":\"Ville\",\"street\":\"Adresse\",\"street_number\":\"N\\u00b0 de rue\",\"additional_address\":\"Adresse compl\\u00e9mentaire\"}},\"l10n\":{\"steps\":{\"calendar\":\"Commencer\",\"extras\":\"Suppl\\u00e9ments\",\"slots\":\"Heure\",\"cart\":\"Panier\",\"details\":\"D\\u00e9tails\",\"payment\":\"Paiement\",\"done\":\"Terminer\"},\"steps_descriptions\":{\"calendar\":\"Choisir service\",\"extras\":\"Ajouter des suppl\\u00e9ments\",\"slots\":\"S\\u00e9lectionnez un cr\\u00e9neau horaire\",\"cart\":\"V\\u00e9rifier le panier\",\"details\":\"Vos coordonn\\u00e9es\",\"payment\":\"Effectuer un achat\",\"done\":\"Termin\\u00e9\"},\"address_label\":\"Adresse\",\"address_placeholders\":{\"country\":\"Pays\",\"state\":\"\\u00c9tat\\\/R\\u00e9gion\",\"postcode\":\"Code Postal\",\"city\":\"Ville\",\"street\":\"Adresse\",\"street_number\":\"N\\u00b0 de rue\",\"additional_address\":\"Adresse compl\\u00e9mentaire\"},\"notes\":\"Notes\",\"birthday\":\"Anniversaire\",\"staff\":\"Equipe\",\"any_staff\":\"Tous\",\"service\":\"Service\",\"gift_card\":\"Carte cadeau\",\"gift_card_title\":\"Carte cadeau\",\"date\":\"Date\",\"time\":\"Heure\",\"price\":\"Prix\",\"next\":\"Suivant\",\"back\":\"Retour\",\"select_service\":\"Choisir service\",\"select_staff\":\"Tous\",\"book_now\":\"R\\u00e9server maintenant\",\"buy_now\":\"Acheter maintenant\",\"book_more\":\"R\\u00e9server plus\",\"close\":\"Fermer\",\"full_name\":\"Nom complet\",\"full_name_error_required\":\"Requis\",\"first_name\":\"Pr\\u00e9nom\",\"first_name_error_required\":\"Requis\",\"last_name\":\"Nom\",\"last_name_error_required\":\"Requis\",\"email\":\"E-mail\",\"email_error_required\":\"Requis\",\"phone\":\"T\\u00e9l\\u00e9phone\",\"phone_error_required\":\"Requis\",\"address_field_required\":\"Requis\",\"birthday_error_required\":\"Requis\",\"no_slots\":\"Aucun cr\\u00e9neau horaire disponible\",\"slot_not_available\":\"Cr\\u00e9neau d\\u00e9j\\u00e0 r\\u00e9serv\\u00e9\",\"no_results\":\"Aucun r\\u00e9sultat trouv\\u00e9\",\"nop\":\"Nombre de personnes\",\"booking_success\":\"Merci !\",\"booking_error\":\"Oups !\",\"booking_completed\":\"Votre r\\u00e9servation est termin\\u00e9e.\",\"gift_card_booking_completed\":\"Votre carte cadeau a \\u00e9t\\u00e9 cr\\u00e9\\u00e9e.\",\"processing\":\"Votre paiement a \\u00e9t\\u00e9 accept\\u00e9 et est en cours de traitement.\",\"group_skip_payment\":\"Le paiement a \\u00e9t\\u00e9 saut\\u00e9.\",\"payment_impossible\":\"Aucune m\\u00e9thode de paiement n'est disponible. Veuillez contacter votre fournisseur de services.\",\"appointments_limit_reached\":\"Vous essayez d'utiliser ce service trop souvent. Veuillez nous contacter pour effectuer une r\\u00e9servation.\",\"terms_text\":\"J'accepte les conditions d'utilisation\",\"text_calendar\":\"Veuillez choisir un service\",\"text_extras\":\"S\\u00e9lectionnez les Suppl\\u00e9ments que vous souhaitez (S\\u00e9lection multiple)\",\"text_slots\":\"Cliquez sur un cr\\u00e9neau horaire pour proc\\u00e9der \\u00e0 la r\\u00e9servation\",\"text_details\":\"Veuillez fournir vos coordonn\\u00e9es dans le formulaire ci-dessous pour proc\\u00e9der \\u00e0 la r\\u00e9servation.\",\"text_payment\":\"Veuillez nous indiquer comment vous souhaitez payer\",\"gift_card_label\":\"Carte cadeau\",\"gift_card_button\":\"Appliquer\",\"gift_card_text\":\"Votre code de carte cadeau si vous en avez un\",\"gift_card_expired\":\"Cette carte cadeau a expir\\u00e9\",\"gift_card_invalid\":\"Cette carte cadeau ne peut pas \\u00eatre utilis\\u00e9e pour la commande en cours\",\"gift_card_low_balance\":\"Le solde de la carte cadeau n'est pas suffisant\",\"gift_card_not_found\":\"Carte cadeau non trouv\\u00e9e\",\"timezone\":\"Votre fuseau horaire\",\"select_city\":\"S\\u00e9lectionnez une ville\",\"add_to_calendar\":\"Ajouter au calendrier\",\"total\":\"Total\",\"sub_total\":\"Sous-total\",\"discount\":\"Remise\",\"to_pay\":\"Montant \\u00e0 payer\",\"verify_code\":\"Verification code\",\"verify_email\":\"Saisissez le code de v\\u00e9rification figurant dans l'e-mail\",\"verify_phone\":\"Saisissez le code de v\\u00e9rification figurant dans le SMS\",\"verify_resend\":\"Renvoyer le code\",\"verify_apply\":\"Appliquer\",\"verify_code_incorrect\":\"Code de v\\u00e9rification incorrect\",\"cart_item_not_available\":\"L'heure s\\u00e9lectionn\\u00e9e n'est plus disponible\",\"categories\":\"Cat\\u00e9gories\",\"text_categories\":\"Veuillez s\\u00e9lectionner une cat\\u00e9gorie\",\"text_services\":\"Veuillez choisir un service\",\"more\":\"+%d plus\"},\"category_card_width\":260,\"category_header_height\":120,\"category_body_height\":240,\"step_service_card_width\":240,\"step_service_card_header_height\":60,\"step_service_card_body_height\":121,\"categories_list\":[\"27\"],\"services_list\":[\"2\",\"3\",\"4\",\"5\",\"6\",\"7\",\"8\",\"9\",\"10\"],\"skip_categories_step\":true,\"skip_services_step\":true,\"type\":\"services-form\",\"categories_any\":false,\"services_any\":false,\"staff_any\":false,\"name\":\"Commission parleamantaire\",\"custom_css\":\"\",\"token\":\"my-form-457\"});\n    });\n    var ajaxurl = \"https:\/\/booked.ouf-gn.net\/wp\/wp-admin\/admin-ajax.php\";\n<\/script>\n<style>\n    .bookly-services-form-my-form-457-69d4ec2704118 {\n        --bookly-color: #669c35;\n    }\n\n    :root {\n        --bookly-flags-url: url(https:\/\/booked.ouf-gn.net\/wp\/wp-content\/plugins\/bookly-responsive-appointment-booking-tool\/frontend\/resources\/images\/flags.png);\n        --bookly-flags2x-url: url(https:\/\/booked.ouf-gn.net\/wp\/wp-content\/plugins\/bookly-responsive-appointment-booking-tool\/frontend\/resources\/images\/flags@2x.png);\n        --rtl-phone-align: left;\n    }\n<\/style>\n<div id=\"bookly-services-form-my-form-457-69d4ec2704118\" class=\"bookly-services-form-container bookly-services-form-my-form-457-69d4ec2704118\"><\/div><\/div>\n\t\t\t\t\t\t<\/div>\n\t\t\t\t<\/div>\n\t\t\t\t\t<\/div>\n\t\t\t\t<\/div>\n\t\t\t\t<\/div>\n\t\t","protected":false},"excerpt":{"rendered":"<p>Prendre Rendez-vous avec une Commission ou un Service de l\u2019Assembl\u00e9e Nationale Contactez les Commissions Les commissions et services de l\u2019Assembl\u00e9e Nationale jouent un r\u00f4le cl\u00e9 dans l\u2019analyse, la pr\u00e9paration et le suivi des travaux parlementaires. Ce portail vous permet de solliciter un rendez-vous avec la commission ou le service pertinent pour r\u00e9pondre \u00e0 des besoins [&hellip;]<\/p>\n","protected":false},"author":2,"featured_media":0,"parent":0,"menu_order":0,"comment_status":"closed","ping_status":"closed","template":"","meta":{"footnotes":""},"class_list":["post-187","page","type-page","status-publish","hentry"],"_links":{"self":[{"href":"https:\/\/booked.ouf-gn.net\/wp\/index.php?rest_route=\/wp\/v2\/pages\/187","targetHints":{"allow":["GET"]}}],"collection":[{"href":"https:\/\/booked.ouf-gn.net\/wp\/index.php?rest_route=\/wp\/v2\/pages"}],"about":[{"href":"https:\/\/booked.ouf-gn.net\/wp\/index.php?rest_route=\/wp\/v2\/types\/page"}],"author":[{"embeddable":true,"href":"https:\/\/booked.ouf-gn.net\/wp\/index.php?rest_route=\/wp\/v2\/users\/2"}],"replies":[{"embeddable":true,"href":"https:\/\/booked.ouf-gn.net\/wp\/index.php?rest_route=%2Fwp%2Fv2%2Fcomments&post=187"}],"version-history":[{"count":10,"href":"https:\/\/booked.ouf-gn.net\/wp\/index.php?rest_route=\/wp\/v2\/pages\/187\/revisions"}],"predecessor-version":[{"id":253,"href":"https:\/\/booked.ouf-gn.net\/wp\/index.php?rest_route=\/wp\/v2\/pages\/187\/revisions\/253"}],"wp:attachment":[{"href":"https:\/\/booked.ouf-gn.net\/wp\/index.php?rest_route=%2Fwp%2Fv2%2Fmedia&parent=187"}],"curies":[{"name":"wp","href":"https:\/\/api.w.org\/{rel}","templated":true}]}}