{"id":178,"date":"2025-01-18T22:06:51","date_gmt":"2025-01-18T22:06:51","guid":{"rendered":"https:\/\/booked.ouf-gn.net\/wp\/?page_id=178"},"modified":"2025-01-20T17:49:07","modified_gmt":"2025-01-20T17:49:07","slug":"depute-de-lassemblee-nationale","status":"publish","type":"page","link":"https:\/\/booked.ouf-gn.net\/wp\/?page_id=178","title":{"rendered":"D\u00e9put\u00e9 de l\u2019Assembl\u00e9e Nationale"},"content":{"rendered":"\t\t<div data-elementor-type=\"wp-page\" data-elementor-id=\"178\" class=\"elementor elementor-178\" data-elementor-post-type=\"page\">\n\t\t\t\t<div class=\"elementor-element elementor-element-336f653 e-flex e-con-boxed e-con e-parent\" data-id=\"336f653\" data-element_type=\"container\" data-e-type=\"container\" data-settings=\"{&quot;background_background&quot;:&quot;classic&quot;}\">\n\t\t\t\t\t<div class=\"e-con-inner\">\n\t\t\t\t<div class=\"elementor-element elementor-element-e57b24f elementor-widget-divider--view-line_icon elementor-view-default elementor-widget-divider--element-align-center elementor-widget elementor-widget-divider\" data-id=\"e57b24f\" data-element_type=\"widget\" data-e-type=\"widget\" data-widget_type=\"divider.default\">\n\t\t\t\t<div class=\"elementor-widget-container\">\n\t\t\t\t\t\t\t<div class=\"elementor-divider\">\n\t\t\t<span class=\"elementor-divider-separator\">\n\t\t\t\t\t\t\t<div class=\"elementor-icon elementor-divider__element\">\n\t\t\t\t\t<i aria-hidden=\"true\" class=\"rtmicon-thin rtmicon-calendar-days\"><\/i><\/div>\n\t\t\t\t\t\t<\/span>\n\t\t<\/div>\n\t\t\t\t\t\t<\/div>\n\t\t\t\t<\/div>\n\t\t\t\t<div class=\"elementor-element elementor-element-da5f481 elementor-widget__width-initial elementor-widget elementor-widget-heading\" data-id=\"da5f481\" data-element_type=\"widget\" data-e-type=\"widget\" data-widget_type=\"heading.default\">\n\t\t\t\t<div class=\"elementor-widget-container\">\n\t\t\t\t\t<h2 class=\"elementor-heading-title elementor-size-default\">Prendre Rendez-vous avec un D\u00e9put\u00e9 de l\u2019Assembl\u00e9e Nationale<\/h2>\t\t\t\t<\/div>\n\t\t\t\t<\/div>\n\t\t\t\t\t<\/div>\n\t\t\t\t<\/div>\n\t\t<div class=\"elementor-element elementor-element-1429295 e-flex e-con-boxed e-con e-parent\" data-id=\"1429295\" data-element_type=\"container\" data-e-type=\"container\">\n\t\t\t\t\t<div class=\"e-con-inner\">\n\t\t\t\t<div class=\"elementor-element elementor-element-37ccd81 elementor-widget elementor-widget-shortcode\" data-id=\"37ccd81\" data-element_type=\"widget\" data-e-type=\"widget\" data-widget_type=\"shortcode.default\">\n\t\t\t\t<div class=\"elementor-widget-container\">\n\t\t\t\t\t\t\t<div class=\"elementor-shortcode\"><script type=\"text\/javascript\">\n    (function (win, fn) {\n        var done = false, top = true,\n            doc = win.document,\n            root = doc.documentElement,\n            modern = doc.addEventListener,\n            add = modern ? 'addEventListener' : 'attachEvent',\n            rem = modern ? 'removeEventListener' : 'detachEvent',\n            pre = modern ? '' : 'on',\n            init = function (e) {\n                if (e.type == 'readystatechange') if (doc.readyState != 'complete') return;\n                (e.type == 'load' ? win : doc)[rem](pre + e.type, init, false);\n                if (!done) {\n                    done = true;\n                    fn.call(win, e.type || e);\n                }\n            },\n            poll = function () {\n                try {\n                    root.doScroll('left');\n                } catch (e) {\n                    setTimeout(poll, 50);\n                    return;\n                }\n                init('poll');\n            };\n        if (doc.readyState == 'complete') fn.call(win, 'lazy');\n        else {\n            if (!modern) if (root.doScroll) {\n                try {\n                    top = !win.frameElement;\n                } catch (e) {\n                }\n                if (top) poll();\n            }\n            doc[add](pre + 'DOMContentLoaded', init, false);\n            doc[add](pre + 'readystatechange', init, false);\n            win[add](pre + 'load', init, false);\n        }\n    })(window, function () {\n        window.BooklySearchForm.showForm(\"bookly-search-form-my-form-583\", \"bookly-search-form-my-form-583-69d791a28e6e7\", {\"main_color\":\"#669c35\",\"service_card_width\":260,\"service_header_height\":120,\"staff_card_width\":260,\"show_book_more\":true,\"show_qr_code\":true,\"show_calendar\":true,\"show_services_filter\":false,\"show_staff_filter\":true,\"show_staff_rating\":false,\"show_timezone\":false,\"show_receipt_on_cart\":true,\"show_receipt_on_payment\":true,\"skip_cart_step\":false,\"use_cart_local_storage\":true,\"default_service\":\"13\",\"default_staff\":null,\"service_card_show_badge\":true,\"package_card_show_badge\":true,\"gift_card_show_badge\":true,\"services_fields_order\":[\"service\",\"duration\",\"price\",\"staff\"],\"services_fields_show\":[\"service\",\"duration\",\"price\"],\"packages_fields_order\":[\"package\",\"service\",\"duration\",\"price\",\"staff\"],\"packages_fields_show\":[\"package\",\"service\",\"duration\",\"price\"],\"gift_cards_fields_order\":[\"title\",\"price\"],\"gift_cards_fields_show\":[\"title\",\"price\"],\"show_first_slot_only\":false,\"show_gift_cards\":true,\"show_add_to_calendar\":false,\"show_slot_info\":false,\"sell_services\":true,\"sell_gift_cards\":false,\"full_name_required\":true,\"first_name_required\":true,\"last_name_required\":true,\"email_required\":true,\"phone_required\":true,\"address_required\":false,\"birthday_required\":false,\"verify_credentials\":false,\"show_summary_service\":true,\"show_summary_staff\":true,\"show_summary_date\":true,\"show_summary_price\":true,\"show_blocked_slots\":false,\"hidden_services\":[],\"hidden_gift_cards\":[],\"details_fields_order\":[\"text\",\"full_name\",\"first_name\",\"last_name\",\"email\",\"phone\",\"address\",\"notes\",\"birthday\",\"terms\",\"google_maps\",\"custom_fields\"],\"details_fields_width\":{\"text\":12,\"full_name\":12,\"first_name\":6,\"last_name\":6,\"email\":6,\"phone\":6,\"google_maps\":12,\"address\":12,\"notes\":12,\"birthday\":12,\"terms\":12,\"custom_fields\":[]},\"details_fields_show\":[\"text\",\"first_name\",\"last_name\",\"email\",\"phone\",\"custom_fields\"],\"cards_display_mode\":\"with_slots\",\"available_dates\":\"schedule\",\"show_services_mode\":\"no_any\",\"address\":{\"order\":[\"country\",\"state\",\"postcode\",\"city\",\"street\",\"street_number\",\"additional_address\"],\"show\":[\"country\",\"state\",\"postcode\",\"city\",\"street\",\"street_number\",\"additional_address\"],\"labels\":{\"country\":\"Pays\",\"state\":\"\\u00c9tat\\\/R\\u00e9gion\",\"postcode\":\"Code Postal\",\"city\":\"Ville\",\"street\":\"Adresse\",\"street_number\":\"N\\u00b0 de rue\",\"additional_address\":\"Adresse compl\\u00e9mentaire\"}},\"l10n\":{\"steps\":{\"calendar\":\"Commencer\",\"extras\":\"Suppl\\u00e9ments\",\"slots\":\"Heure\",\"cart\":\"Panier\",\"details\":\"D\\u00e9tails\",\"payment\":\"Paiement\",\"done\":\"Terminer\"},\"steps_descriptions\":{\"calendar\":\"Choisir service\",\"extras\":\"Ajouter des suppl\\u00e9ments\",\"slots\":\"S\\u00e9lectionnez un cr\\u00e9neau horaire\",\"cart\":\"V\\u00e9rifier le panier\",\"details\":\"Vos coordonn\\u00e9es\",\"payment\":\"Effectuer un achat\",\"done\":\"Termin\\u00e9\"},\"address_label\":\"Adresse\",\"address_placeholders\":{\"country\":\"Pays\",\"state\":\"\\u00c9tat\\\/R\\u00e9gion\",\"postcode\":\"Code Postal\",\"city\":\"Ville\",\"street\":\"Adresse\",\"street_number\":\"N\\u00b0 de rue\",\"additional_address\":\"Adresse compl\\u00e9mentaire\"},\"notes\":\"Notes\",\"birthday\":\"Anniversaire\",\"staff\":\"Equipe\",\"any_staff\":\"Tous\",\"service\":\"Service\",\"gift_card\":\"Carte cadeau\",\"gift_card_title\":\"Carte cadeau\",\"date\":\"Date\",\"time\":\"Heure\",\"price\":\"Prix\",\"next\":\"Suivant\",\"back\":\"Retour\",\"select_service\":\"Choisir service\",\"select_staff\":\"Tous\",\"book_now\":\"R\\u00e9server maintenant\",\"buy_now\":\"Acheter maintenant\",\"book_more\":\"R\\u00e9server plus\",\"close\":\"Fermer\",\"full_name\":\"Nom complet\",\"full_name_error_required\":\"Requis\",\"first_name\":\"Pr\\u00e9nom\",\"first_name_error_required\":\"Requis\",\"last_name\":\"Nom\",\"last_name_error_required\":\"Requis\",\"email\":\"E-mail\",\"email_error_required\":\"Requis\",\"phone\":\"T\\u00e9l\\u00e9phone\",\"phone_error_required\":\"Requis\",\"address_field_required\":\"Requis\",\"birthday_error_required\":\"Requis\",\"no_slots\":\"Aucun cr\\u00e9neau horaire disponible\",\"slot_not_available\":\"Cr\\u00e9neau d\\u00e9j\\u00e0 r\\u00e9serv\\u00e9\",\"no_results\":\"Aucun r\\u00e9sultat trouv\\u00e9\",\"nop\":\"Nombre de personnes\",\"booking_success\":\"Merci !\",\"booking_error\":\"Oups !\",\"booking_completed\":\"Votre r\\u00e9servation est termin\\u00e9e.\",\"gift_card_booking_completed\":\"Votre carte cadeau a \\u00e9t\\u00e9 cr\\u00e9\\u00e9e.\",\"processing\":\"Votre paiement a \\u00e9t\\u00e9 accept\\u00e9 et est en cours de traitement.\",\"group_skip_payment\":\"Le paiement a \\u00e9t\\u00e9 saut\\u00e9.\",\"payment_impossible\":\"Aucune m\\u00e9thode de paiement n'est disponible. Veuillez contacter votre fournisseur de services.\",\"appointments_limit_reached\":\"Vous essayez d'utiliser ce service trop souvent. Veuillez nous contacter pour effectuer une r\\u00e9servation.\",\"terms_text\":\"J'accepte les conditions d'utilisation\",\"text_calendar\":\"Veuillez choisir un service\",\"text_extras\":\"S\\u00e9lectionnez les Suppl\\u00e9ments que vous souhaitez (S\\u00e9lection multiple)\",\"text_slots\":\"Cliquez sur un cr\\u00e9neau horaire pour proc\\u00e9der \\u00e0 la r\\u00e9servation\",\"text_details\":\"Veuillez fournir vos coordonn\\u00e9es dans le formulaire ci-dessous pour proc\\u00e9der \\u00e0 la r\\u00e9servation.\",\"text_payment\":\"Veuillez nous indiquer comment vous souhaitez payer\",\"gift_card_label\":\"Carte cadeau\",\"gift_card_button\":\"Appliquer\",\"gift_card_text\":\"Votre code de carte cadeau si vous en avez un\",\"gift_card_expired\":\"Cette carte cadeau a expir\\u00e9\",\"gift_card_invalid\":\"Cette carte cadeau ne peut pas \\u00eatre utilis\\u00e9e pour la commande en cours\",\"gift_card_low_balance\":\"Le solde de la carte cadeau n'est pas suffisant\",\"gift_card_not_found\":\"Carte cadeau non trouv\\u00e9e\",\"timezone\":\"Votre fuseau horaire\",\"select_city\":\"S\\u00e9lectionnez une ville\",\"add_to_calendar\":\"Ajouter au calendrier\",\"total\":\"Total\",\"sub_total\":\"Sous-total\",\"discount\":\"Remise\",\"to_pay\":\"Montant \\u00e0 payer\",\"verify_code\":\"Verification code\",\"verify_email\":\"Saisissez le code de v\\u00e9rification figurant dans l'e-mail\",\"verify_phone\":\"Saisissez le code de v\\u00e9rification figurant dans le SMS\",\"verify_resend\":\"Renvoyer le code\",\"verify_apply\":\"Appliquer\",\"verify_code_incorrect\":\"Code de v\\u00e9rification incorrect\",\"cart_item_not_available\":\"L'heure s\\u00e9lectionn\\u00e9e n'est plus disponible\"},\"type\":\"search-form\",\"categories_any\":false,\"services_any\":false,\"staff_any\":false,\"name\":\"My form\",\"custom_css\":\"\",\"token\":\"my-form-583\"});\n    });\n    var ajaxurl = \"https:\/\/booked.ouf-gn.net\/wp\/wp-admin\/admin-ajax.php\";\n<\/script>\n<style>\n    .bookly-search-form-my-form-583-69d791a28e6e7 {\n        --bookly-color: #669c35;\n    }\n\n    :root {\n        --bookly-flags-url: url(https:\/\/booked.ouf-gn.net\/wp\/wp-content\/plugins\/bookly-responsive-appointment-booking-tool\/frontend\/resources\/images\/flags.png);\n        --bookly-flags2x-url: url(https:\/\/booked.ouf-gn.net\/wp\/wp-content\/plugins\/bookly-responsive-appointment-booking-tool\/frontend\/resources\/images\/flags@2x.png);\n        --rtl-phone-align: left;\n    }\n<\/style>\n<div id=\"bookly-search-form-my-form-583-69d791a28e6e7\" class=\"bookly-search-form-container bookly-search-form-my-form-583-69d791a28e6e7\"><\/div><\/div>\n\t\t\t\t\t\t<\/div>\n\t\t\t\t<\/div>\n\t\t\t\t\t<\/div>\n\t\t\t\t<\/div>\n\t\t<div class=\"elementor-element elementor-element-a600af7 e-flex e-con-boxed e-con e-parent\" data-id=\"a600af7\" data-element_type=\"container\" data-e-type=\"container\">\n\t\t\t\t\t<div class=\"e-con-inner\">\n\t\t<div class=\"elementor-element elementor-element-d1ad016 e-con-full e-flex e-con e-child\" data-id=\"d1ad016\" data-element_type=\"container\" data-e-type=\"container\">\n\t\t<div class=\"elementor-element elementor-element-914e7fc e-con-full e-flex e-con e-child\" data-id=\"914e7fc\" data-element_type=\"container\" data-e-type=\"container\">\n\t\t\t\t<div class=\"elementor-element elementor-element-57fe782 elementor-view-default elementor-widget elementor-widget-icon\" data-id=\"57fe782\" data-element_type=\"widget\" data-e-type=\"widget\" data-widget_type=\"icon.default\">\n\t\t\t\t<div class=\"elementor-widget-container\">\n\t\t\t\t\t\t\t<div class=\"elementor-icon-wrapper\">\n\t\t\t<div class=\"elementor-icon\">\n\t\t\t<i aria-hidden=\"true\" class=\"rtmicon rtmicon-comments-question\"><\/i>\t\t\t<\/div>\n\t\t<\/div>\n\t\t\t\t\t\t<\/div>\n\t\t\t\t<\/div>\n\t\t\t\t<div class=\"elementor-element elementor-element-a7634cc elementor-widget elementor-widget-heading\" data-id=\"a7634cc\" data-element_type=\"widget\" data-e-type=\"widget\" data-widget_type=\"heading.default\">\n\t\t\t\t<div class=\"elementor-widget-container\">\n\t\t\t\t\t<h4 class=\"elementor-heading-title elementor-size-default\">Rencontrez votre D\u00e9put\u00e9<\/h4>\t\t\t\t<\/div>\n\t\t\t\t<\/div>\n\t\t\t\t<div class=\"elementor-element elementor-element-7d2fc91 elementor-widget elementor-widget-text-editor\" data-id=\"7d2fc91\" data-element_type=\"widget\" data-e-type=\"widget\" data-widget_type=\"text-editor.default\">\n\t\t\t\t<div class=\"elementor-widget-container\">\n\t\t\t\t\t\t\t\t\t<p>Les d\u00e9put\u00e9s sont les repr\u00e9sentants directs des citoyens au sein de l\u2019Assembl\u00e9e Nationale. Ils jouent un r\u00f4le essentiel en portant vos pr\u00e9occupations et vos id\u00e9es au c\u0153ur du d\u00e9bat parlementaire. Ce portail vous permet d\u2019entrer en contact avec votre d\u00e9put\u00e9 ou tout autre d\u00e9put\u00e9 pour \u00e9changer sur les sujets qui vous tiennent \u00e0 c\u0153ur.<\/p>\t\t\t\t\t\t\t\t<\/div>\n\t\t\t\t<\/div>\n\t\t\t\t<\/div>\n\t\t<div class=\"elementor-element elementor-element-fa97044 e-con-full e-flex e-con e-child\" data-id=\"fa97044\" data-element_type=\"container\" data-e-type=\"container\">\n\t\t\t\t<div class=\"elementor-element elementor-element-0154690 elementor-view-default elementor-widget elementor-widget-icon\" data-id=\"0154690\" data-element_type=\"widget\" data-e-type=\"widget\" data-widget_type=\"icon.default\">\n\t\t\t\t<div class=\"elementor-widget-container\">\n\t\t\t\t\t\t\t<div class=\"elementor-icon-wrapper\">\n\t\t\t<div class=\"elementor-icon\">\n\t\t\t<i aria-hidden=\"true\" class=\"rtmicon-thin rtmicon-users\"><\/i>\t\t\t<\/div>\n\t\t<\/div>\n\t\t\t\t\t\t<\/div>\n\t\t\t\t<\/div>\n\t\t\t\t<div class=\"elementor-element elementor-element-017d3df elementor-widget elementor-widget-heading\" data-id=\"017d3df\" data-element_type=\"widget\" data-e-type=\"widget\" data-widget_type=\"heading.default\">\n\t\t\t\t<div class=\"elementor-widget-container\">\n\t\t\t\t\t<h4 class=\"elementor-heading-title elementor-size-default\">Pourquoi prendre rendez-vous avec un D\u00e9put\u00e9 ?<\/h4>\t\t\t\t<\/div>\n\t\t\t\t<\/div>\n\t\t\t\t<div class=\"elementor-element elementor-element-55d002a elementor-widget elementor-widget-text-editor\" data-id=\"55d002a\" data-element_type=\"widget\" data-e-type=\"widget\" data-widget_type=\"text-editor.default\">\n\t\t\t\t<div class=\"elementor-widget-container\">\n\t\t\t\t\t\t\t\t\t<p>En prenant rendez-vous avec un d\u00e9put\u00e9, vous pouvez :<\/p><ul><li>Exprimer vos pr\u00e9occupations locales : Faites part des enjeux sp\u00e9cifiques \u00e0 votre r\u00e9gion ou communaut\u00e9.<\/li><li>Partager vos id\u00e9es : Proposez des initiatives ou des solutions aux d\u00e9fis locaux et nationaux.<\/li><li>Obtenir des informations : Posez vos questions sur les lois en pr\u00e9paration, les politiques publiques, ou les projets en cours.<\/li><li>Renforcer le dialogue : Construisez un lien de confiance avec vos repr\u00e9sentants pour une meilleure prise en compte de vos besoins.<\/li><\/ul>\t\t\t\t\t\t\t\t<\/div>\n\t\t\t\t<\/div>\n\t\t\t\t<\/div>\n\t\t\t\t<\/div>\n\t\t<div class=\"elementor-element elementor-element-d113a90 e-con-full e-flex e-con e-child\" data-id=\"d113a90\" data-element_type=\"container\" data-e-type=\"container\">\n\t\t<div class=\"elementor-element elementor-element-61c4cbc e-con-full e-flex e-con e-child\" data-id=\"61c4cbc\" data-element_type=\"container\" data-e-type=\"container\">\n\t\t\t\t<div class=\"elementor-element elementor-element-124cd14 elementor-view-default elementor-widget elementor-widget-icon\" data-id=\"124cd14\" data-element_type=\"widget\" data-e-type=\"widget\" data-widget_type=\"icon.default\">\n\t\t\t\t<div class=\"elementor-widget-container\">\n\t\t\t\t\t\t\t<div class=\"elementor-icon-wrapper\">\n\t\t\t<div class=\"elementor-icon\">\n\t\t\t<i aria-hidden=\"true\" class=\"rtmicon rtmicon-megaphone\"><\/i>\t\t\t<\/div>\n\t\t<\/div>\n\t\t\t\t\t\t<\/div>\n\t\t\t\t<\/div>\n\t\t\t\t<div class=\"elementor-element elementor-element-d32a634 elementor-widget elementor-widget-heading\" data-id=\"d32a634\" data-element_type=\"widget\" data-e-type=\"widget\" data-widget_type=\"heading.default\">\n\t\t\t\t<div class=\"elementor-widget-container\">\n\t\t\t\t\t<h4 class=\"elementor-heading-title elementor-size-default\">Comment \u00e7a marche ?<\/h4>\t\t\t\t<\/div>\n\t\t\t\t<\/div>\n\t\t\t\t<div class=\"elementor-element elementor-element-322095e elementor-widget elementor-widget-text-editor\" data-id=\"322095e\" data-element_type=\"widget\" data-e-type=\"widget\" data-widget_type=\"text-editor.default\">\n\t\t\t\t<div class=\"elementor-widget-container\">\n\t\t\t\t\t\t\t\t\t<p>Suivez ces \u00e9tapes pour prendre un rendez-vous avec un D\u00e9put\u00e9 :<\/p><ol><li>Identifiez votre d\u00e9put\u00e9 ou s\u00e9lectionnez un d\u00e9put\u00e9 comp\u00e9tent pour votre demande.<\/li><li>Remplissez le formulaire avec les informations n\u00e9cessaires, y compris l\u2019objet de votre rendez-vous.<\/li><li>Choisissez une date et une heure parmi les cr\u00e9neaux disponibles.<\/li><li>Recevez une confirmation et pr\u00e9parez votre rencontre.<\/li><\/ol>\t\t\t\t\t\t\t\t<\/div>\n\t\t\t\t<\/div>\n\t\t\t\t<\/div>\n\t\t<div class=\"elementor-element elementor-element-ddd5987 e-con-full e-flex e-con e-child\" data-id=\"ddd5987\" data-element_type=\"container\" data-e-type=\"container\">\n\t\t\t\t<div class=\"elementor-element elementor-element-873cc4d elementor-view-default elementor-widget elementor-widget-icon\" data-id=\"873cc4d\" data-element_type=\"widget\" data-e-type=\"widget\" data-widget_type=\"icon.default\">\n\t\t\t\t<div class=\"elementor-widget-container\">\n\t\t\t\t\t\t\t<div class=\"elementor-icon-wrapper\">\n\t\t\t<div class=\"elementor-icon\">\n\t\t\t<i aria-hidden=\"true\" class=\"rtmicon-thin rtmicon-microphone\"><\/i>\t\t\t<\/div>\n\t\t<\/div>\n\t\t\t\t\t\t<\/div>\n\t\t\t\t<\/div>\n\t\t\t\t<div class=\"elementor-element elementor-element-2866b6e elementor-widget elementor-widget-heading\" data-id=\"2866b6e\" data-element_type=\"widget\" data-e-type=\"widget\" data-widget_type=\"heading.default\">\n\t\t\t\t<div class=\"elementor-widget-container\">\n\t\t\t\t\t<h4 class=\"elementor-heading-title elementor-size-default\">Votre voix au c\u0153ur du Parlement<\/h4>\t\t\t\t<\/div>\n\t\t\t\t<\/div>\n\t\t\t\t<div class=\"elementor-element elementor-element-b5acae3 elementor-widget elementor-widget-text-editor\" data-id=\"b5acae3\" data-element_type=\"widget\" data-e-type=\"widget\" data-widget_type=\"text-editor.default\">\n\t\t\t\t<div class=\"elementor-widget-container\">\n\t\t\t\t\t\t\t\t\t<p>En permettant un dialogue direct avec vos repr\u00e9sentants, ce portail renforce votre participation active \u00e0 la vie d\u00e9mocratique de notre nation. Ensemble, nous contribuons \u00e0 construire un avenir meilleur pour votre r\u00e9gion et notre pays.<\/p>\t\t\t\t\t\t\t\t<\/div>\n\t\t\t\t<\/div>\n\t\t\t\t<\/div>\n\t\t\t\t<\/div>\n\t\t\t\t\t<\/div>\n\t\t\t\t<\/div>\n\t\t\t\t<\/div>\n\t\t","protected":false},"excerpt":{"rendered":"<p>Prendre Rendez-vous avec un D\u00e9put\u00e9 de l\u2019Assembl\u00e9e Nationale Rencontrez votre D\u00e9put\u00e9 Les d\u00e9put\u00e9s sont les repr\u00e9sentants directs des citoyens au sein de l\u2019Assembl\u00e9e Nationale. Ils jouent un r\u00f4le essentiel en portant vos pr\u00e9occupations et vos id\u00e9es au c\u0153ur du d\u00e9bat parlementaire. Ce portail vous permet d\u2019entrer en contact avec votre d\u00e9put\u00e9 ou tout autre d\u00e9put\u00e9 [&hellip;]<\/p>\n","protected":false},"author":2,"featured_media":0,"parent":0,"menu_order":0,"comment_status":"closed","ping_status":"closed","template":"","meta":{"footnotes":""},"class_list":["post-178","page","type-page","status-publish","hentry"],"_links":{"self":[{"href":"https:\/\/booked.ouf-gn.net\/wp\/index.php?rest_route=\/wp\/v2\/pages\/178","targetHints":{"allow":["GET"]}}],"collection":[{"href":"https:\/\/booked.ouf-gn.net\/wp\/index.php?rest_route=\/wp\/v2\/pages"}],"about":[{"href":"https:\/\/booked.ouf-gn.net\/wp\/index.php?rest_route=\/wp\/v2\/types\/page"}],"author":[{"embeddable":true,"href":"https:\/\/booked.ouf-gn.net\/wp\/index.php?rest_route=\/wp\/v2\/users\/2"}],"replies":[{"embeddable":true,"href":"https:\/\/booked.ouf-gn.net\/wp\/index.php?rest_route=%2Fwp%2Fv2%2Fcomments&post=178"}],"version-history":[{"count":19,"href":"https:\/\/booked.ouf-gn.net\/wp\/index.php?rest_route=\/wp\/v2\/pages\/178\/revisions"}],"predecessor-version":[{"id":237,"href":"https:\/\/booked.ouf-gn.net\/wp\/index.php?rest_route=\/wp\/v2\/pages\/178\/revisions\/237"}],"wp:attachment":[{"href":"https:\/\/booked.ouf-gn.net\/wp\/index.php?rest_route=%2Fwp%2Fv2%2Fmedia&parent=178"}],"curies":[{"name":"wp","href":"https:\/\/api.w.org\/{rel}","templated":true}]}}